
{"id":78,"date":"2013-10-16T00:21:41","date_gmt":"2013-10-15T22:21:41","guid":{"rendered":"http:\/\/portretymiast.blog.polityka.pl\/"},"modified":"2019-01-15T13:54:14","modified_gmt":"2019-01-15T12:54:14","slug":"o-blogu","status":"publish","type":"page","link":"https:\/\/blog.polityka.pl\/portretymiast\/o-blogu\/","title":{"rendered":"O blogu"},"content":{"rendered":"<p>Blog &#8222;Twoje Miasto&#8221; powsta\u0142\u00a0 powsta\u0142 w 2013 r. (nosi\u0142 w\u00f3wczas tytu\u0142 &#8222;Zau\u0142ki i pasa\u017ce&#8221;) jako serwis towarzysz\u0105cy \u00a0cyklowi publicystycznemu &#8222;Portrety miast polskich&#8221;. W 2018 r., w zwi\u0105zku z wyborami samorz\u0105dowymi blog zmieni\u0142 si\u0119 na serwis &#8222;Miejskie historie&#8221; towarzysz\u0105cy cyklowi &#8222;Twoje miasto, tw\u00f3j wyb\u00f3r&#8221;. Wybory rozstrzygn\u0119\u0142y gr\u0119 o w\u0142adz\u0119 w polskich samorz\u0105dach na najbli\u017csze pi\u0119\u0107 lat. Dlatego blog wraca do formu\u0142y serwisu &#8222;Twoje Miasto &#8211; Miejskie historie&#8221;)&#8221;, w kt\u00f3rym b\u0119dziemy przygl\u0105da\u0107 si\u0119 najciekawszym tematom i problemom nurtuj\u0105cym mieszka\u0144c\u00f3w polskich miast, miasteczek, gmin.<\/p>\n<p>Szczeg\u00f3lnie uwa\u017cnie b\u0119dziemy przygl\u0105da\u0107 si\u0119 lokalnej polityce. Samorz\u0105d terytorialny to nie tylko jeden z fundament\u00f3w ustroju Rzeczypospolitej ale tak\u017ce niezwyk\u0142e osi\u0105gni\u0119cie transformacji po 1989 r. Niezwyk\u0142e, bo instytucje samorz\u0105dowe, jako jedyne instytucje w\u0142adzy publicznej ciesz\u0105 si\u0119 w Polsce wysoki zaufaniem (przekraczaj\u0105cym 60%) i uznaniem (ponad 70%). Co decyduje o tak wysokim poziomie zadowolenia z pracy w\u0142adz lokalnych? Co decyduje o jako\u015bci \u017cycia w naszych miastach i gminach? Na takie w\u0142a\u015bnie pytania b\u0119dziemy szuka\u0107 odpowiedzi w naszym serwisie\u00a0oraz na \u0142amach &#8222;Polityki&#8221;.<\/p>\n<p>Zapraszamy do lektury i wsp\u00f3\u0142tworzenia,<\/p>\n<p>Edwin Bendyk<\/p>\n","protected":false},"excerpt":{"rendered":"<p>Blog &#8222;Twoje Miasto&#8221; powsta\u0142\u00a0 powsta\u0142 w 2013 r. (nosi\u0142 w\u00f3wczas tytu\u0142 &#8222;Zau\u0142ki i pasa\u017ce&#8221;) jako serwis towarzysz\u0105cy \u00a0cyklowi publicystycznemu &#8222;Portrety miast polskich&#8221;. W 2018 r., w zwi\u0105zku z wyborami samorz\u0105dowymi blog zmieni\u0142 si\u0119 na serwis &#8222;Miejskie historie&#8221; towarzysz\u0105cy cyklowi &#8222;Twoje &hellip; <a href=\"https:\/\/blog.polityka.pl\/portretymiast\/o-blogu\/\">Czytaj dalej <span class=\"meta-nav\">&rarr;<\/span><\/a><\/p>\n","protected":false},"author":1,"featured_media":0,"parent":0,"menu_order":0,"comment_status":"open","ping_status":"closed","template":"","meta":{"footnotes":""},"_links":{"self":[{"href":"https:\/\/blog.polityka.pl\/portretymiast\/wp-json\/wp\/v2\/pages\/78"}],"collection":[{"href":"https:\/\/blog.polityka.pl\/portretymiast\/wp-json\/wp\/v2\/pages"}],"about":[{"href":"https:\/\/blog.polityka.pl\/portretymiast\/wp-json\/wp\/v2\/types\/page"}],"author":[{"embeddable":true,"href":"https:\/\/blog.polityka.pl\/portretymiast\/wp-json\/wp\/v2\/users\/1"}],"replies":[{"embeddable":true,"href":"https:\/\/blog.polityka.pl\/portretymiast\/wp-json\/wp\/v2\/comments?post=78"}],"version-history":[{"count":8,"href":"https:\/\/blog.polityka.pl\/portretymiast\/wp-json\/wp\/v2\/pages\/78\/revisions"}],"predecessor-version":[{"id":1783,"href":"https:\/\/blog.polityka.pl\/portretymiast\/wp-json\/wp\/v2\/pages\/78\/revisions\/1783"}],"wp:attachment":[{"href":"https:\/\/blog.polityka.pl\/portretymiast\/wp-json\/wp\/v2\/media?parent=78"}],"curies":[{"name":"wp","href":"https:\/\/api.w.org\/{rel}","templated":true}]}}