
{"id":73,"date":"2014-04-07T11:09:44","date_gmt":"2014-04-07T09:09:44","guid":{"rendered":"http:\/\/seryjni.blog.polityka.pl\/"},"modified":"2016-09-26T15:42:37","modified_gmt":"2016-09-26T13:42:37","slug":"o-autorach-2","status":"publish","type":"page","link":"https:\/\/blog.polityka.pl\/seryjni\/o-autorach-2\/","title":{"rendered":"O autorach"},"content":{"rendered":"<p><strong>Katarzyna Czajka<\/strong> \u2013 absolwentka historii i socjologii. Od 2009 na blogu \u201eZwierz popkulturalny\u201d (w 2012 roku wybranym blogiem Bloger\u00f3w w konkursie Blog Roku) pisze o serialach, filmach i wszystkim, co zwi\u0105zane z kultur\u0105 popularn\u0105. Oddana wielbicielka produkcji BBC. Poza na\u0142ogowym ogl\u0105daniem film\u00f3w i seriali oraz czytaniem komiks\u00f3w, pisze doktorat na ISNS UW i zajmuje si\u0119 naukowo kinem polskim w dwudziestoleciu mi\u0119dzywojennym.<\/p>\n<p><strong>Aneta Kyzio\u0142 <\/strong>\u2013 publikowa\u0142a w bran\u017cowej prasie teatralnej, od dekady w dziale kultury \u201ePolityki\u201d pisze o teatrze i (troch\u0119 kr\u00f3cej) o serialach. T\u0119skni za \u201eBreaking Bad\u201d i \u201eSze\u015b\u0107 st\u00f3p pod ziemi\u0105\u201d, nie wci\u0105gn\u0119\u0142a si\u0119 w \u201eMad Men\u00f3w\u201d i \u201eGr\u0119 o tron\u201d, p\u0142aka\u0142a po \u201eDoktorze House&#8217;ie\u201d, wzrusza si\u0119 na \u201eSpojrzeniach\u201d, kibicuje \u201e\u017bonie idealnej\u201d i \u201eThe Killing\u201d (pomimo koszmarnego trzeciego sezonu), czeka na drugi sezon \u201eRectify\u201d i \u201eUtopii\u201d (i czwarty \u201eLouiego\u201d), planuje wsp\u00f3ln\u0105 staro\u015b\u0107 z \u201ePrzyjaci\u00f3\u0142mi\u201d, \u201ePrawem ulicy\u201d i \u201eMiasteczkiem Twin Peaks\u201d.<\/p>\n<p><strong>Bartosz Staszczyszyn <\/strong>\u2013 filmoznawca, dziennikarz i krytyk filmowy. Publikowa\u0142 m.in. w \u201ePolityce\u201d, \u201eGazecie Wyborczej\u201d i \u201eTygodniku Powszechnym\u201d. W telewizji interesuj\u0105 go gatunkowe pogranicza, na kt\u00f3rych serial spotyka si\u0119 z kinem, literatur\u0105 i nowymi mediami. Cho\u0107 jest serialowym wszystko\u017cerc\u0105, szczeg\u00f3lnymi uczuciami darzy now\u0105 telewizyjn\u0105 klasyk\u0119: \u201eThe Wire\u201d, \u201eRodzin\u0119 Soprano\u201d i \u201eSze\u015b\u0107 st\u00f3p pod ziemi\u0105\u201d.<\/p>\n<p><strong>Marcin Zwierzchowski<\/strong> \u2013 za dnia redaktor miesi\u0119cznika \u201eNowa Fantastyka\u201d i szef projektu Storytel Original w ramach Storytel.pl, wieczorami i noc\u0105 serialomaniak. Uwielbia zar\u00f3wno \u201eNewsroom\u201d i \u201eThe Killing\u201d, jaki i \u201eGr\u0119 o tron\u201d oraz \u201eGalavanta&#8221;. \u201eTeori\u0119 wielkiego podrywu\u201d zna na pami\u0119\u0107. Nie wybrzydza gatunkowo, uwa\u017ca jednak, \u017ce seriale stworzono dla wielkich fabu\u0142, dlatego nie cierpi procedurali.<\/p>\n","protected":false},"excerpt":{"rendered":"<p>Katarzyna Czajka \u2013 absolwentka historii i socjologii. Od 2009 na blogu \u201eZwierz popkulturalny\u201d (w 2012 roku wybranym blogiem Bloger\u00f3w w konkursie Blog Roku) pisze o serialach, filmach i wszystkim, co zwi\u0105zane z kultur\u0105 popularn\u0105. Oddana wielbicielka produkcji BBC. Poza na\u0142ogowym ogl\u0105daniem film\u00f3w i seriali oraz czytaniem komiks\u00f3w, pisze doktorat na ISNS UW i zajmuje si\u0119 [&hellip;]<\/p>\n","protected":false},"author":4,"featured_media":0,"parent":0,"menu_order":0,"comment_status":"open","ping_status":"closed","template":"","meta":{"footnotes":""},"_links":{"self":[{"href":"https:\/\/blog.polityka.pl\/seryjni\/wp-json\/wp\/v2\/pages\/73"}],"collection":[{"href":"https:\/\/blog.polityka.pl\/seryjni\/wp-json\/wp\/v2\/pages"}],"about":[{"href":"https:\/\/blog.polityka.pl\/seryjni\/wp-json\/wp\/v2\/types\/page"}],"author":[{"embeddable":true,"href":"https:\/\/blog.polityka.pl\/seryjni\/wp-json\/wp\/v2\/users\/4"}],"replies":[{"embeddable":true,"href":"https:\/\/blog.polityka.pl\/seryjni\/wp-json\/wp\/v2\/comments?post=73"}],"version-history":[{"count":4,"href":"https:\/\/blog.polityka.pl\/seryjni\/wp-json\/wp\/v2\/pages\/73\/revisions"}],"predecessor-version":[{"id":2642,"href":"https:\/\/blog.polityka.pl\/seryjni\/wp-json\/wp\/v2\/pages\/73\/revisions\/2642"}],"wp:attachment":[{"href":"https:\/\/blog.polityka.pl\/seryjni\/wp-json\/wp\/v2\/media?parent=73"}],"curies":[{"name":"wp","href":"https:\/\/api.w.org\/{rel}","templated":true}]}}