
{"id":10,"date":"2017-03-24T15:11:15","date_gmt":"2017-03-24T14:11:15","guid":{"rendered":"http:\/\/siedlecka.blog.polityka.pl\/?page_id=10"},"modified":"2017-04-26T12:10:39","modified_gmt":"2017-04-26T10:10:39","slug":"o-blogu","status":"publish","type":"page","link":"https:\/\/blog.polityka.pl\/siedlecka\/o-blogu\/","title":{"rendered":"O blogu"},"content":{"rendered":"<p>Dlaczego \u201eKonserwatywny\u201d? Bo odkry\u0142am, \u017ce jestem konserwatystk\u0105. Zacz\u0119\u0142a si\u0119 antyliberalna rewolucja. Jeszcze nie wiadomo, jak zmieni \u015bwiat, ale ju\u017c wida\u0107, \u017ce raczej nie b\u0119dzie to najlepszy ze \u015bwiat\u00f3w.<\/p>\n<p>Chwieje si\u0119 zachodni \u0142ad oparty na prawach cz\u0142owieka, kt\u00f3rych fundamentem jest godno\u015b\u0107 i wolno\u015b\u0107 jednostki. Chwieje si\u0119 demokratyczne pa\u0144stwo prawa, w kt\u00f3rym dyktatur\u0119 wi\u0119kszo\u015bci ogranicza prawo oparte na umowie spo\u0142ecznej. Ludzie szukaj\u0105 nie wolno\u015bci, ale silnego przyw\u00f3dztwa. I bezpiecze\u0144stwa. Potrzebuj\u0105 nie zrozumienia, ale emocji. Interes: prywatny, narodowy, etniczny, religijny \u2013 sta\u0142 si\u0119 warto\u015bci\u0105.<\/p>\n<p>A ja jako\u015b wol\u0119 te tradycyjne warto\u015bci: wolno\u015b\u0107, solidarno\u015b\u0107, wsp\u00f3\u0142czucie. I jako\u015b nie mam zaufania, \u017ce z nowej rewolucji wy\u0142oni si\u0119 doskonalszy \u0142ad. Wi\u0119c m\u00f3j blog b\u0119dzie o starych, dobrych, liberalno-humanistycznych (zwierz\u0119 te\u017c cz\u0142owiek) warto\u015bciach. Mam nadziej\u0119, \u017ce uda si\u0119 je jako\u015b przechowa\u0107.<\/p>\n","protected":false},"excerpt":{"rendered":"<p>Dlaczego \u201eKonserwatywny\u201d? Bo odkry\u0142am, \u017ce jestem konserwatystk\u0105. Zacz\u0119\u0142a si\u0119 antyliberalna rewolucja. Jeszcze nie wiadomo, jak zmieni \u015bwiat, ale ju\u017c wida\u0107, \u017ce raczej nie b\u0119dzie to najlepszy ze \u015bwiat\u00f3w. Chwieje si\u0119 zachodni \u0142ad oparty na prawach cz\u0142owieka, kt\u00f3rych fundamentem jest godno\u015b\u0107 i wolno\u015b\u0107 jednostki. Chwieje si\u0119 demokratyczne pa\u0144stwo prawa, w kt\u00f3rym dyktatur\u0119 wi\u0119kszo\u015bci ogranicza prawo oparte [&hellip;]<\/p>\n","protected":false},"author":3,"featured_media":0,"parent":0,"menu_order":0,"comment_status":"closed","ping_status":"closed","template":"","meta":{"footnotes":""},"_links":{"self":[{"href":"https:\/\/blog.polityka.pl\/siedlecka\/wp-json\/wp\/v2\/pages\/10"}],"collection":[{"href":"https:\/\/blog.polityka.pl\/siedlecka\/wp-json\/wp\/v2\/pages"}],"about":[{"href":"https:\/\/blog.polityka.pl\/siedlecka\/wp-json\/wp\/v2\/types\/page"}],"author":[{"embeddable":true,"href":"https:\/\/blog.polityka.pl\/siedlecka\/wp-json\/wp\/v2\/users\/3"}],"replies":[{"embeddable":true,"href":"https:\/\/blog.polityka.pl\/siedlecka\/wp-json\/wp\/v2\/comments?post=10"}],"version-history":[{"count":2,"href":"https:\/\/blog.polityka.pl\/siedlecka\/wp-json\/wp\/v2\/pages\/10\/revisions"}],"predecessor-version":[{"id":58,"href":"https:\/\/blog.polityka.pl\/siedlecka\/wp-json\/wp\/v2\/pages\/10\/revisions\/58"}],"wp:attachment":[{"href":"https:\/\/blog.polityka.pl\/siedlecka\/wp-json\/wp\/v2\/media?parent=10"}],"curies":[{"name":"wp","href":"https:\/\/api.w.org\/{rel}","templated":true}]}}