
{"id":7,"date":"2006-05-16T23:48:18","date_gmt":"2006-05-16T21:48:18","guid":{"rendered":"http:\/\/szostkiewicz.blog.polityka.pl\/?page_id=7"},"modified":"2006-05-16T23:53:51","modified_gmt":"2006-05-16T21:53:51","slug":"o-autorze","status":"publish","type":"page","link":"https:\/\/blog.polityka.pl\/szostkiewicz\/o-autorze\/","title":{"rendered":"O autorze"},"content":{"rendered":"<p><strong>Adam Szostkiewicz <\/strong>&#8211; dziennikarz, t\u0142umacz literatury angloj\u0119zycznej, autor ksi\u0105\u017cki &#8222;Przebudzony. Opowie\u015b\u0107 o Buddzie i o tym, czego w buddyzmie szukaj\u0105 ludzie Zachodu&#8221; (wyd. Sic!, 2004).<\/p>\n<p>W latach 1988-1999 w Tygodniku Powszechnym, od 1999 w Polityce.<\/p>\n<p>Komentator spraw mi\u0119dzynarodowych w telewizji i radiu, cz\u0142onek Rady J\u0119zyka Polskiego, laureat nagrody publicystycznej Krakowskiej Fundacji Kultury. <\/p>\n","protected":false},"excerpt":{"rendered":"<p>Adam Szostkiewicz &#8211; dziennikarz, t\u0142umacz literatury angloj\u0119zycznej, autor ksi\u0105\u017cki &#8222;Przebudzony. Opowie\u015b\u0107 o Buddzie i o tym, czego w buddyzmie szukaj\u0105 ludzie Zachodu&#8221; (wyd. Sic!, 2004). W latach 1988-1999 w Tygodniku Powszechnym, od 1999 w Polityce. Komentator spraw mi\u0119dzynarodowych w telewizji i radiu, cz\u0142onek Rady J\u0119zyka Polskiego, laureat nagrody publicystycznej Krakowskiej Fundacji Kultury.<\/p>\n","protected":false},"author":3,"featured_media":0,"parent":0,"menu_order":0,"comment_status":"open","ping_status":"open","template":"","meta":{"footnotes":""},"_links":{"self":[{"href":"https:\/\/blog.polityka.pl\/szostkiewicz\/wp-json\/wp\/v2\/pages\/7"}],"collection":[{"href":"https:\/\/blog.polityka.pl\/szostkiewicz\/wp-json\/wp\/v2\/pages"}],"about":[{"href":"https:\/\/blog.polityka.pl\/szostkiewicz\/wp-json\/wp\/v2\/types\/page"}],"author":[{"embeddable":true,"href":"https:\/\/blog.polityka.pl\/szostkiewicz\/wp-json\/wp\/v2\/users\/3"}],"replies":[{"embeddable":true,"href":"https:\/\/blog.polityka.pl\/szostkiewicz\/wp-json\/wp\/v2\/comments?post=7"}],"version-history":[{"count":1,"href":"https:\/\/blog.polityka.pl\/szostkiewicz\/wp-json\/wp\/v2\/pages\/7\/revisions"}],"predecessor-version":[{"id":4375,"href":"https:\/\/blog.polityka.pl\/szostkiewicz\/wp-json\/wp\/v2\/pages\/7\/revisions\/4375"}],"wp:attachment":[{"href":"https:\/\/blog.polityka.pl\/szostkiewicz\/wp-json\/wp\/v2\/media?parent=7"}],"curies":[{"name":"wp","href":"https:\/\/api.w.org\/{rel}","templated":true}]}}