
{"id":448,"date":"2010-01-17T15:13:18","date_gmt":"2010-01-17T14:13:18","guid":{"rendered":"http:\/\/szwarcman.blog.polityka.pl\/?page_id=448"},"modified":"2013-01-27T15:53:58","modified_gmt":"2013-01-27T14:53:58","slug":"tworczosc-blogowa","status":"publish","type":"page","link":"https:\/\/blog.polityka.pl\/szwarcman\/tworczosc-blogowa\/","title":{"rendered":"Tw\u00f3rczo\u015b\u0107 blogowa"},"content":{"rendered":"<p>W tej szufladce b\u0119d\u0105 zamieszczane wykwity zbiorowego blogowego talentu. Na razie jeden, a du\u017cy \ud83d\ude00<\/p>\n","protected":false},"excerpt":{"rendered":"<p>W tej szufladce b\u0119d\u0105 zamieszczane wykwity zbiorowego blogowego talentu. Na razie jeden, a du\u017cy \ud83d\ude00<\/p>\n","protected":false},"author":3,"featured_media":0,"parent":0,"menu_order":0,"comment_status":"closed","ping_status":"open","template":"","meta":{"footnotes":""},"_links":{"self":[{"href":"https:\/\/blog.polityka.pl\/szwarcman\/wp-json\/wp\/v2\/pages\/448"}],"collection":[{"href":"https:\/\/blog.polityka.pl\/szwarcman\/wp-json\/wp\/v2\/pages"}],"about":[{"href":"https:\/\/blog.polityka.pl\/szwarcman\/wp-json\/wp\/v2\/types\/page"}],"author":[{"embeddable":true,"href":"https:\/\/blog.polityka.pl\/szwarcman\/wp-json\/wp\/v2\/users\/3"}],"replies":[{"embeddable":true,"href":"https:\/\/blog.polityka.pl\/szwarcman\/wp-json\/wp\/v2\/comments?post=448"}],"version-history":[{"count":2,"href":"https:\/\/blog.polityka.pl\/szwarcman\/wp-json\/wp\/v2\/pages\/448\/revisions"}],"predecessor-version":[{"id":2960,"href":"https:\/\/blog.polityka.pl\/szwarcman\/wp-json\/wp\/v2\/pages\/448\/revisions\/2960"}],"wp:attachment":[{"href":"https:\/\/blog.polityka.pl\/szwarcman\/wp-json\/wp\/v2\/media?parent=448"}],"curies":[{"name":"wp","href":"https:\/\/api.w.org\/{rel}","templated":true}]}}