
{"id":11,"date":"2018-03-24T15:59:23","date_gmt":"2018-03-24T14:59:23","guid":{"rendered":"https:\/\/taniec.blog.polityka.pl\/?page_id=11"},"modified":"2018-03-24T15:59:23","modified_gmt":"2018-03-24T14:59:23","slug":"o-blogu","status":"publish","type":"page","link":"https:\/\/blog.polityka.pl\/taniec\/o-blogu\/","title":{"rendered":"O blogu"},"content":{"rendered":"<p>\u201eKa\u017cdy dzie\u0144, w kt\u00f3rym nie ta\u0144czyli\u015bmy przynajmniej raz, powinni\u015bmy uwa\u017ca\u0107 za stracony\u201d \u2013 m\u00f3wi\u0142 Nietzsche. Tak wi\u0119c zapraszam do ta\u0144ca! Ruch jest podstawowym elementem ludzkiego bytu, a taniec towarzyszy\u0142 cz\u0142owiekowi \u201eod zawsze\u201d. W skr\u00f3cie ujmuj\u0105c \u2013 taniec jest prehistoryczny, balet nowo\u017cytny. Odzwierciedlenia form tanecznych odnajdujemy ju\u017c w malowid\u0142ach jaskiniowych i rysunkach naskalnych. W zale\u017cno\u015bci od epoki i wyznawanych pogl\u0105d\u00f3w taniec by\u0142 traktowany jako przyjemny ruch cia\u0142a, przystosowany przez sztuk\u0119 do taktu lub melodii instrument\u00f3w (taka definicja pojawi\u0142a si\u0119 w pierwszym wydaniu Encyclopaedia Britannica), ale te\u017c w spos\u00f3b bardziej metafizyczny &#8211; jako sztuka wyra\u017cania porywu my\u015bli i uczu\u0107, odkrywania tajemnic. Prze\u0142omowa okaza\u0142a si\u0119 definicja Curta Sachsa z\u00a01933 roku, uznaj\u0105ca, \u017ce taniec to ka\u017cdy ruch rytmiczny, kt\u00f3ry nie jest po\u0142\u0105czony z czynno\u015bci\u0105 robocz\u0105, a wi\u0119c pozbawiony utylitarnego aspektu. Na blogu zamierzam pisa\u0107 o ta\u0144cu w r\u00f3\u017cnych jego formach i kontekstach. Zach\u0119cam te\u017c do dyskusji.<\/p>\n","protected":false},"excerpt":{"rendered":"<p>\u201eKa\u017cdy dzie\u0144, w kt\u00f3rym nie ta\u0144czyli\u015bmy przynajmniej raz, powinni\u015bmy uwa\u017ca\u0107 za stracony\u201d \u2013 m\u00f3wi\u0142 Nietzsche. Tak wi\u0119c zapraszam do ta\u0144ca! Ruch jest podstawowym elementem ludzkiego bytu, a taniec towarzyszy\u0142 cz\u0142owiekowi \u201eod zawsze\u201d. W skr\u00f3cie ujmuj\u0105c \u2013 taniec jest prehistoryczny, balet nowo\u017cytny. Odzwierciedlenia form tanecznych odnajdujemy ju\u017c w malowid\u0142ach jaskiniowych i rysunkach naskalnych. W zale\u017cno\u015bci od [&hellip;]<\/p>\n","protected":false},"author":7,"featured_media":0,"parent":0,"menu_order":0,"comment_status":"closed","ping_status":"closed","template":"","meta":{"footnotes":""},"_links":{"self":[{"href":"https:\/\/blog.polityka.pl\/taniec\/wp-json\/wp\/v2\/pages\/11"}],"collection":[{"href":"https:\/\/blog.polityka.pl\/taniec\/wp-json\/wp\/v2\/pages"}],"about":[{"href":"https:\/\/blog.polityka.pl\/taniec\/wp-json\/wp\/v2\/types\/page"}],"author":[{"embeddable":true,"href":"https:\/\/blog.polityka.pl\/taniec\/wp-json\/wp\/v2\/users\/7"}],"replies":[{"embeddable":true,"href":"https:\/\/blog.polityka.pl\/taniec\/wp-json\/wp\/v2\/comments?post=11"}],"version-history":[{"count":1,"href":"https:\/\/blog.polityka.pl\/taniec\/wp-json\/wp\/v2\/pages\/11\/revisions"}],"predecessor-version":[{"id":14,"href":"https:\/\/blog.polityka.pl\/taniec\/wp-json\/wp\/v2\/pages\/11\/revisions\/14"}],"wp:attachment":[{"href":"https:\/\/blog.polityka.pl\/taniec\/wp-json\/wp\/v2\/media?parent=11"}],"curies":[{"name":"wp","href":"https:\/\/api.w.org\/{rel}","templated":true}]}}