
{"id":2,"date":"2013-01-29T13:40:48","date_gmt":"2013-01-29T13:40:48","guid":{"rendered":"http:\/\/zagner.blog.polityka.pl\/?page_id=2"},"modified":"2019-02-01T16:45:21","modified_gmt":"2019-02-01T15:45:21","slug":"informacje","status":"publish","type":"page","link":"https:\/\/blog.polityka.pl\/zagner\/informacje\/","title":{"rendered":"O AUTORCE"},"content":{"rendered":"<p>W POLITYCE pracuj\u0119 od 1999 r., najpierw w dziale politycznym, a od 2008 r. w serwisie POLITYKA.PL, gdzie odpowiadam m.in. za sekcj\u0119 mi\u0119dzynarodow\u0105. W przesz\u0142o\u015bci wsp\u00f3\u0142pracowa\u0142am tak\u017ce ze &#8222;S\u0142owem \u017bydowskim&#8221; (Dos Jidisze Wort), zdarza mi si\u0119 komentowa\u0107 w TOK FM z\u0142o\u017cono\u015b\u0107 bliskowschodnich problem\u00f3w.<\/p>\n<p>Cho\u0107 urodzi\u0142am si\u0119 w Polsce, serce zostawi\u0142am na Bliskim Wschodzie. Dzi\u015b to miejsce wielkich przemian, ale te\u017c wielkich obaw o przysz\u0142o\u015b\u0107. Na Izrael, Syri\u0119, Egipt, Liban, Arabi\u0119 Saudyjsk\u0105 czy Zjednoczone Emiraty Arabskie patrz\u0119 czasem z trwog\u0105, czasem z nadziej\u0105, ale najcz\u0119\u015bciej z wielk\u0105 nostalgi\u0105.<\/p>\n<p>Zapraszam<br \/>\nAgnieszka Zagner<\/p>\n","protected":false},"excerpt":{"rendered":"<p>W POLITYCE pracuj\u0119 od 1999 r., najpierw w dziale politycznym, a od 2008 r. w serwisie POLITYKA.PL, gdzie odpowiadam m.in. za sekcj\u0119 mi\u0119dzynarodow\u0105. W przesz\u0142o\u015bci wsp\u00f3\u0142pracowa\u0142am tak\u017ce ze &#8222;S\u0142owem \u017bydowskim&#8221; (Dos Jidisze Wort), zdarza mi si\u0119 komentowa\u0107 w TOK FM z\u0142o\u017cono\u015b\u0107 bliskowschodnich problem\u00f3w. Cho\u0107 urodzi\u0142am si\u0119 w Polsce, serce zostawi\u0142am na Bliskim Wschodzie. Dzi\u015b to [&hellip;]<\/p>\n","protected":false},"author":1,"featured_media":0,"parent":0,"menu_order":0,"comment_status":"open","ping_status":"open","template":"","meta":{"footnotes":""},"_links":{"self":[{"href":"https:\/\/blog.polityka.pl\/zagner\/wp-json\/wp\/v2\/pages\/2"}],"collection":[{"href":"https:\/\/blog.polityka.pl\/zagner\/wp-json\/wp\/v2\/pages"}],"about":[{"href":"https:\/\/blog.polityka.pl\/zagner\/wp-json\/wp\/v2\/types\/page"}],"author":[{"embeddable":true,"href":"https:\/\/blog.polityka.pl\/zagner\/wp-json\/wp\/v2\/users\/1"}],"replies":[{"embeddable":true,"href":"https:\/\/blog.polityka.pl\/zagner\/wp-json\/wp\/v2\/comments?post=2"}],"version-history":[{"count":1,"href":"https:\/\/blog.polityka.pl\/zagner\/wp-json\/wp\/v2\/pages\/2\/revisions"}],"predecessor-version":[{"id":3618,"href":"https:\/\/blog.polityka.pl\/zagner\/wp-json\/wp\/v2\/pages\/2\/revisions\/3618"}],"wp:attachment":[{"href":"https:\/\/blog.polityka.pl\/zagner\/wp-json\/wp\/v2\/media?parent=2"}],"curies":[{"name":"wp","href":"https:\/\/api.w.org\/{rel}","templated":true}]}}